{"id":1780,"date":"2020-02-27T12:17:03","date_gmt":"2020-02-27T12:17:03","guid":{"rendered":"http:\/\/ipsofinanse.pl\/?page_id=1780"},"modified":"2020-02-27T12:29:04","modified_gmt":"2020-02-27T12:29:04","slug":"accounting-hr-and-payroll","status":"publish","type":"page","link":"https:\/\/ipsofinanse.pl\/en\/accounting-hr-and-payroll\/","title":{"rendered":"Accounting, HR and payroll"},"content":{"rendered":"<p>[et_pb_section fb_built=&#8221;1&#8243; _builder_version=&#8221;4.2.2&#8243; locked=&#8221;off&#8221;][et_pb_row _builder_version=&#8221;4.2.2&#8243; custom_padding=&#8221;||2px|||&#8221;][et_pb_column type=&#8221;4_4&#8243; _builder_version=&#8221;4.2.2&#8243;][et_pb_blurb title=&#8221;Would you like to receive a no-obligation proposal for accounting services? Fill in a short questionnaire&#8221; content_max_width=&#8221;500px&#8221; _builder_version=&#8221;4.2.2&#8243; header_font_size=&#8221;22px&#8221; header_line_height=&#8221;120%&#8221; text_orientation=&#8221;center&#8221;][\/et_pb_blurb][et_pb_text admin_label=&#8221;Proces&#8221; module_class=&#8221;proces&#8221; _builder_version=&#8221;4.2.2&#8243; background_color=&#8221;#EDEAE6&#8243; text_orientation=&#8221;center&#8221;]<span class=\"liczba\">1.<\/span> SHORT QUESTIONNAIRE <span class=\"z-bialym\"><span class=\"liczba\">2.<\/span> QUOTATION<\/span> <span class=\"liczba\">3.<\/span> YOUR DECISION[\/et_pb_text][et_pb_divider color=&#8221;#ddd&#8221; _builder_version=&#8221;4.2.2&#8243; custom_padding=&#8221;20px||||false|false&#8221;][\/et_pb_divider][et_pb_blurb title=&#8221;What is your form of bookkeeping?&#8221; content_max_width=&#8221;500px&#8221; _builder_version=&#8221;4.2.2&#8243; header_line_height=&#8221;120%&#8221; text_orientation=&#8221;center&#8221;]<\/p>\n<p>Choose below:<\/p>\n<p>[\/et_pb_blurb][\/et_pb_column][\/et_pb_row][et_pb_row disabled_on=&#8221;on|on|on&#8221; module_class=&#8221;proces&#8221; _builder_version=&#8221;4.2.2&#8243; disabled=&#8221;on&#8221;][et_pb_column type=&#8221;4_4&#8243; _builder_version=&#8221;4.2.2&#8243;][\/et_pb_column][\/et_pb_row][et_pb_row column_structure=&#8221;1_2,1_2&#8243; use_custom_gutter=&#8221;on&#8221; gutter_width=&#8221;2&#8243; _builder_version=&#8221;4.2.2&#8243; background_color=&#8221;rgba(0,0,0,0)&#8221;][et_pb_column type=&#8221;1_2&#8243; _builder_version=&#8221;4.2.2&#8243;][et_pb_contact_form captcha=&#8221;off&#8221; email=&#8221;ksiegowosc@ipsofinanse.com.pl, kapala.m@ipsoiure.com.pl&#8221; title=&#8221;REVENUE AND EXPENSE LEDGER (KPIR)&#8221; custom_message=&#8221;zapytanie ze strony WWW IPSO Finanse ANKIETA KOKK od: %%email%%||et_pb_line_break_holder||rodzaj dzia\u0142alno\u015bci: %%rodzaj_dzialalnosci%%&#8221; success_message=&#8221;Dzi\u0119kujemy za skontaktowanie si\u0119 z nami. Na podany adres e-mail zostanie wys\u0142ana do Ciebie kr\u00f3tka ankieta dotycz\u0105ca obs\u0142ugi ksi\u0119gowej.  Wype\u0142nij j\u0105 i wy\u015blij w formie skanu na adres mailowy: ksiegowosc@ipsofinanse.com.pl. Na tej podstawie przygotujemy i prze\u015blemy do Ciebie indywidualn\u0105 propozycj\u0119 obs\u0142ugi ksi\u0119gowej.  W razie pyta\u0144 skontaktuj si\u0119 z nami dowoln\u0105 drog\u0105 (patrz zak\u0142adka kontakt)&#8221; _builder_version=&#8221;4.2.2&#8243; title_level=&#8221;h4&#8243; title_font_size=&#8221;14px&#8221; background_color=&#8221;#F8F8F9&#8243; custom_padding=&#8221;5%|5%|5%|5%|false|false&#8221;][et_pb_contact_field field_id=&#8221;rodzaj_dzialalnosci&#8221; field_type=&#8221;radio&#8221; radio_options=&#8221;%91{%22value%22:%22Sole proprietorship%22,%22checked%22:0,%22dragID%22:-1},{%22value%22:%22Civil partnership%22,%22checked%22:0,%22dragID%22:0},{%22value%22:%22General partnership%22,%22checked%22:0,%22dragID%22:1},{%22value%22:%22Professional partnership%22,%22checked%22:0,%22dragID%22:2}%93&#8243; fullwidth_field=&#8221;on&#8221; _builder_version=&#8221;4.2.2&#8243;][\/et_pb_contact_field][et_pb_contact_field field_id=&#8221;Email&#8221; field_title=&#8221;E-mail adress&#8221; field_type=&#8221;email&#8221; fullwidth_field=&#8221;on&#8221; _builder_version=&#8221;4.2.2&#8243; background_enable_color=&#8221;off&#8221; button_text_size__hover_enabled=&#8221;off&#8221; button_one_text_size__hover_enabled=&#8221;off&#8221; button_two_text_size__hover_enabled=&#8221;off&#8221; button_text_color__hover_enabled=&#8221;off&#8221; button_one_text_color__hover_enabled=&#8221;off&#8221; button_two_text_color__hover_enabled=&#8221;off&#8221; button_border_width__hover_enabled=&#8221;off&#8221; button_one_border_width__hover_enabled=&#8221;off&#8221; button_two_border_width__hover_enabled=&#8221;off&#8221; button_border_color__hover_enabled=&#8221;off&#8221; button_one_border_color__hover_enabled=&#8221;off&#8221; button_two_border_color__hover_enabled=&#8221;off&#8221; button_border_radius__hover_enabled=&#8221;off&#8221; button_one_border_radius__hover_enabled=&#8221;off&#8221; button_two_border_radius__hover_enabled=&#8221;off&#8221; button_letter_spacing__hover_enabled=&#8221;off&#8221; button_one_letter_spacing__hover_enabled=&#8221;off&#8221; button_two_letter_spacing__hover_enabled=&#8221;off&#8221; button_bg_color__hover_enabled=&#8221;off&#8221; button_one_bg_color__hover_enabled=&#8221;off&#8221; button_two_bg_color__hover_enabled=&#8221;off&#8221;][\/et_pb_contact_field][\/et_pb_contact_form][\/et_pb_column][et_pb_column type=&#8221;1_2&#8243; _builder_version=&#8221;4.2.2&#8243; background_color=&#8221;#F8F8F9&#8243;][et_pb_contact_form captcha=&#8221;off&#8221; email=&#8221;ksiegowosc@ipsofinanse.com.pl, kapala.m@ipsoiure.com.pl&#8221; title=&#8221;COMPREHENSIVE BOOKKEEPING (ACCOUNTING LEDGERS):&#8221; custom_message=&#8221;zapytanie ze strony WWW IPSO Finanse ANKIETA KOKK od: %%email%%||et_pb_line_break_holder||rodzaj dzia\u0142alno\u015bci: %%rodzaj_dzialalnosci2%%&#8221; success_message=&#8221;Dzi\u0119kujemy za skontaktowanie si\u0119 z nami. Na podany adres e-mail zostanie wys\u0142ana do Ciebie kr\u00f3tka ankieta dotycz\u0105ca obs\u0142ugi ksi\u0119gowej.  Wype\u0142nij j\u0105 i wy\u015blij w formie skanu na adres mailowy: ksiegowosc@ipsofinanse.com.pl. Na tej podstawie przygotujemy i prze\u015blemy do Ciebie indywidualn\u0105 propozycj\u0119 obs\u0142ugi ksi\u0119gowej.  W razie pyta\u0144 skontaktuj si\u0119 z nami dowoln\u0105 drog\u0105 (patrz zak\u0142adka kontakt)&#8221; _builder_version=&#8221;4.2.2&#8243; title_level=&#8221;h3&#8243; title_font_size=&#8221;14px&#8221; background_color=&#8221;#F8F8F9&#8243; custom_padding=&#8221;5%|5%|5%|5%|false|false&#8221;][et_pb_contact_field field_id=&#8221;rodzaj_dzialalnosci2&#8243; field_type=&#8221;radio&#8221; radio_options=&#8221;%91{%22value%22:%22Limited partnership%22,%22checked%22:0,%22dragID%22:-1},{%22value%22:%22Limited-liability company limited partnership%22,%22checked%22:0,%22dragID%22:0},{%22value%22:%22Limited-liability company%22,%22checked%22:0,%22dragID%22:1},{%22value%22:%22Joint-stock company%22,%22checked%22:0,%22dragID%22:2},{%22value%22:%22Limited joint-stock partnership%22,%22checked%22:0,%22dragID%22:3},{%22value%22:%22Simple joint-stock company%22,%22checked%22:0,%22dragID%22:4},{%22value%22:%22Other (e.g. sole proprietorship or partnership with comprehensive bookkeeping)%22,%22checked%22:0,%22dragID%22:5}%93&#8243; fullwidth_field=&#8221;on&#8221; _builder_version=&#8221;4.2.2&#8243;][\/et_pb_contact_field][et_pb_contact_field field_id=&#8221;Email&#8221; field_title=&#8221;E-mail address&#8221; field_type=&#8221;email&#8221; fullwidth_field=&#8221;on&#8221; _builder_version=&#8221;4.2.2&#8243; background_enable_color=&#8221;off&#8221; button_text_size__hover_enabled=&#8221;off&#8221; button_one_text_size__hover_enabled=&#8221;off&#8221; button_two_text_size__hover_enabled=&#8221;off&#8221; button_text_color__hover_enabled=&#8221;off&#8221; button_one_text_color__hover_enabled=&#8221;off&#8221; button_two_text_color__hover_enabled=&#8221;off&#8221; button_border_width__hover_enabled=&#8221;off&#8221; button_one_border_width__hover_enabled=&#8221;off&#8221; button_two_border_width__hover_enabled=&#8221;off&#8221; button_border_color__hover_enabled=&#8221;off&#8221; button_one_border_color__hover_enabled=&#8221;off&#8221; button_two_border_color__hover_enabled=&#8221;off&#8221; button_border_radius__hover_enabled=&#8221;off&#8221; button_one_border_radius__hover_enabled=&#8221;off&#8221; button_two_border_radius__hover_enabled=&#8221;off&#8221; button_letter_spacing__hover_enabled=&#8221;off&#8221; button_one_letter_spacing__hover_enabled=&#8221;off&#8221; button_two_letter_spacing__hover_enabled=&#8221;off&#8221; button_bg_color__hover_enabled=&#8221;off&#8221; button_one_bg_color__hover_enabled=&#8221;off&#8221; button_two_bg_color__hover_enabled=&#8221;off&#8221;][\/et_pb_contact_field][\/et_pb_contact_form][\/et_pb_column][\/et_pb_row][\/et_pb_section][et_pb_section fb_built=&#8221;1&#8243; custom_padding_last_edited=&#8221;on|desktop&#8221; _builder_version=&#8221;3.27.4&#8243; custom_padding=&#8221;31px||||false|false&#8221; custom_padding_tablet=&#8221;&#8221; custom_padding_phone=&#8221;10px||||false|false&#8221; locked=&#8221;off&#8221;][et_pb_row column_structure=&#8221;1_2,1_2&#8243; _builder_version=&#8221;3.27.4&#8243; width=&#8221;100%&#8221; max_width=&#8221;1600px&#8221; custom_padding=&#8221;0px||0px||false|false&#8221; locked=&#8221;off&#8221;][et_pb_column type=&#8221;1_2&#8243; _builder_version=&#8221;3.27.4&#8243;][et_pb_blurb title=&#8221;THE PRICING PROPOSAL FOR THE PROVISION OF SERVICES <i>to your Company will depend on:<\/i>&#8221; module_class=&#8221;main-tekst po-lewej duze-szare&#8221; _builder_version=&#8221;4.2.2&#8243; custom_padding=&#8221;32px||||false|false&#8221; custom_padding_tablet=&#8221;&#8221; custom_padding_phone=&#8221;0px||||false|false&#8221; custom_padding_last_edited=&#8221;on|phone&#8221;]<\/p>\n<ul>\n<li>The form of bookkeeping in your Company<\/li>\n<li>The monthly number of accounting entries<\/li>\n<li>The number of your employees and associates<\/li>\n<li>The legal form of your Company and type of business<\/li>\n<\/ul>\n<blockquote>\n<p>We can start at any time.<br \/>\nYou are more than welcome to contact us.<\/p>\n<\/blockquote>\n<p>Send us a completed questionnaire, and we will immediately send you a proposal for permanent accounting, HR, and payroll services for your Company. If you have any questions, please contact any person indicated in the Contact Tab.[\/et_pb_blurb][\/et_pb_column][et_pb_column type=&#8221;1_2&#8243; _builder_version=&#8221;3.27.4&#8243;][et_pb_image src=&#8221;http:\/\/ipsofinanse.pl\/wp-content\/uploads\/2020\/01\/ksiegowosc_3.png&#8221; module_class=&#8221;nie-margin-dol&#8221; _builder_version=&#8221;4.2.2&#8243; custom_margin_tablet=&#8221;&#8221; custom_margin_phone=&#8221;&#8221; custom_margin_last_edited=&#8221;on|desktop&#8221; custom_padding=&#8221;0px||||false|false&#8221; animation_style=&#8221;slide&#8221; animation_direction=&#8221;left&#8221;][\/et_pb_image][\/et_pb_column][\/et_pb_row][\/et_pb_section][et_pb_section fb_built=&#8221;1&#8243; custom_padding_last_edited=&#8221;on|desktop&#8221; _builder_version=&#8221;3.27.4&#8243; custom_padding=&#8221;60px||||false|false&#8221; custom_padding_tablet=&#8221;&#8221; custom_padding_phone=&#8221;10px||||false|false&#8221; locked=&#8221;off&#8221;][et_pb_row column_structure=&#8221;1_2,1_2&#8243; _builder_version=&#8221;3.27.4&#8243; width=&#8221;100%&#8221; max_width=&#8221;1600px&#8221; custom_padding=&#8221;40px||0px||false|false&#8221; locked=&#8221;off&#8221;][et_pb_column type=&#8221;1_2&#8243; _builder_version=&#8221;3.27.4&#8243;][et_pb_blurb title=&#8221;IN THE SCOPE OF ACCOUNTING SERVICES <i>We primarily provide our Clients with the following services:<\/i>&#8221; module_class=&#8221;main-tekst po-lewej duze-szare&#8221; _builder_version=&#8221;4.2.2&#8243; custom_padding=&#8221;0px||||false|false&#8221; custom_padding_tablet=&#8221;&#8221; custom_padding_phone=&#8221;0px||||false|false&#8221; custom_padding_last_edited=&#8221;on|phone&#8221; hover_enabled=&#8221;0&#8243;]<\/p>\n<ul>\n<li>We will calculate and send you periodic public-law liabilities (including taxes, social-security contributions),<\/li>\n<li>We will prepare payrolls and salary statements for your employees and associates<\/li>\n<li>We will prepare and submit an annual tax return (PIT) for you on request,<\/li>\n<li>We will prepare financial statements for your Company<\/li>\n<li>We will prepare financial documentation for the Bank (including financial forecasts)<\/li>\n<\/ul>\n<blockquote>\n<p>You will be able to send us your accounting documents and essential data by any means: by e-mail or in the form of traditional documents. You don\u2019t have time? We\u2019ll collect them from you. We take care of the highest quality of current cooperation.<\/p>\n<\/blockquote>\n<ul>\n<li>An accountant, human-resources officer, and payroll specialist will be permanently assigned to provide services to your Company<\/li>\n<li>You will be able to consult a Tax Advisor as part of the contract price<\/li>\n<li>An Account Manager will coordinate our cooperation and help you with organisational matters<\/li>\n<li>Law, taxes, accounting audits, transfer pricing, debt collection &#8211; a number of services will be available to you all in one place<\/li>\n<\/ul>\n<p>[\/et_pb_blurb][\/et_pb_column][et_pb_column type=&#8221;1_2&#8243; _builder_version=&#8221;3.27.4&#8243;][et_pb_image src=&#8221;http:\/\/ipsofinanse.pl\/wp-content\/uploads\/2020\/01\/ksiegowosc.png&#8221; module_class=&#8221;nie-margin-dol&#8221; _builder_version=&#8221;4.2.2&#8243; custom_margin=&#8221;-100px||||false|false&#8221; custom_margin_tablet=&#8221;&#8221; custom_margin_phone=&#8221;0px||||false|false&#8221; custom_margin_last_edited=&#8221;on|phone&#8221; custom_padding=&#8221;||||false|false&#8221; animation_style=&#8221;slide&#8221; animation_direction=&#8221;left&#8221;][\/et_pb_image][et_pb_image src=&#8221;http:\/\/ipsofinanse.pl\/wp-content\/uploads\/2020\/01\/ksiegowosc_2.png&#8221; _builder_version=&#8221;4.2.2&#8243; animation_style=&#8221;slide&#8221; animation_direction=&#8221;left&#8221;][\/et_pb_image][\/et_pb_column][\/et_pb_row][\/et_pb_section]<\/p>\n","protected":false},"excerpt":{"rendered":"<p>1. SHORT QUESTIONNAIRE 2. QUOTATION 3. YOUR DECISIONChoose below: The form of bookkeeping in your Company The monthly number of accounting entries The number of your employees and associates The legal form of your Company and type of business We can start at any time. You are more than welcome to contact us. Send us [&hellip;]<\/p>\n","protected":false},"author":3,"featured_media":0,"parent":0,"menu_order":0,"comment_status":"closed","ping_status":"closed","template":"","meta":{"_et_pb_use_builder":"on","_et_pb_old_content":"","_et_gb_content_width":"","inline_featured_image":false,"footnotes":""},"class_list":["post-1780","page","type-page","status-publish","hentry"],"yoast_head":"<!-- This site is optimized with the Yoast SEO plugin v21.5 - https:\/\/yoast.com\/wordpress\/plugins\/seo\/ -->\n<title>Accounting, HR and payroll - Ipso Finanse<\/title>\n<meta name=\"robots\" content=\"index, follow, max-snippet:-1, max-image-preview:large, max-video-preview:-1\" \/>\n<link rel=\"canonical\" href=\"https:\/\/ipsofinanse.pl\/ksiegowosc-kadry-i-place\/\" \/>\n<meta property=\"og:locale\" content=\"en_US\" \/>\n<meta property=\"og:type\" content=\"article\" \/>\n<meta property=\"og:title\" content=\"Accounting, HR and payroll - Ipso Finanse\" \/>\n<meta property=\"og:description\" content=\"1. SHORT QUESTIONNAIRE 2. QUOTATION 3. YOUR DECISIONChoose below: The form of bookkeeping in your Company The monthly number of accounting entries The number of your employees and associates The legal form of your Company and type of business We can start at any time. You are more than welcome to contact us. Send us [&hellip;]\" \/>\n<meta property=\"og:url\" content=\"https:\/\/ipsofinanse.pl\/ksiegowosc-kadry-i-place\/\" \/>\n<meta property=\"og:site_name\" content=\"Ipso Finanse\" \/>\n<meta property=\"article:modified_time\" content=\"2020-02-27T12:29:04+00:00\" \/>\n<meta name=\"twitter:card\" content=\"summary_large_image\" \/>\n<meta name=\"twitter:label1\" content=\"Est. reading time\" \/>\n\t<meta name=\"twitter:data1\" content=\"8 minutes\" \/>\n<script type=\"application\/ld+json\" class=\"yoast-schema-graph\">{\"@context\":\"https:\/\/schema.org\",\"@graph\":[{\"@type\":\"WebPage\",\"@id\":\"https:\/\/ipsofinanse.pl\/ksiegowosc-kadry-i-place\/\",\"url\":\"https:\/\/ipsofinanse.pl\/ksiegowosc-kadry-i-place\/\",\"name\":\"Accounting, HR and payroll - Ipso Finanse\",\"isPartOf\":{\"@id\":\"https:\/\/ipsofinanse.pl\/#website\"},\"datePublished\":\"2020-02-27T12:17:03+00:00\",\"dateModified\":\"2020-02-27T12:29:04+00:00\",\"breadcrumb\":{\"@id\":\"https:\/\/ipsofinanse.pl\/ksiegowosc-kadry-i-place\/#breadcrumb\"},\"inLanguage\":\"en-US\",\"potentialAction\":[{\"@type\":\"ReadAction\",\"target\":[\"https:\/\/ipsofinanse.pl\/ksiegowosc-kadry-i-place\/\"]}]},{\"@type\":\"BreadcrumbList\",\"@id\":\"https:\/\/ipsofinanse.pl\/ksiegowosc-kadry-i-place\/#breadcrumb\",\"itemListElement\":[{\"@type\":\"ListItem\",\"position\":1,\"name\":\"Strona g\u0142\u00f3wna\",\"item\":\"https:\/\/ipsofinanse.pl\/en\/\"},{\"@type\":\"ListItem\",\"position\":2,\"name\":\"Accounting, HR and payroll\"}]},{\"@type\":\"WebSite\",\"@id\":\"https:\/\/ipsofinanse.pl\/#website\",\"url\":\"https:\/\/ipsofinanse.pl\/\",\"name\":\"Ipso Finanse\",\"description\":\"obs\u0142uga ksi\u0119gowa Warszawa\",\"potentialAction\":[{\"@type\":\"SearchAction\",\"target\":{\"@type\":\"EntryPoint\",\"urlTemplate\":\"https:\/\/ipsofinanse.pl\/?s={search_term_string}\"},\"query-input\":\"required name=search_term_string\"}],\"inLanguage\":\"en-US\"}]}<\/script>\n<!-- \/ Yoast SEO plugin. -->","yoast_head_json":{"title":"Accounting, HR and payroll - Ipso Finanse","robots":{"index":"index","follow":"follow","max-snippet":"max-snippet:-1","max-image-preview":"max-image-preview:large","max-video-preview":"max-video-preview:-1"},"canonical":"https:\/\/ipsofinanse.pl\/ksiegowosc-kadry-i-place\/","og_locale":"en_US","og_type":"article","og_title":"Accounting, HR and payroll - Ipso Finanse","og_description":"1. SHORT QUESTIONNAIRE 2. QUOTATION 3. YOUR DECISIONChoose below: The form of bookkeeping in your Company The monthly number of accounting entries The number of your employees and associates The legal form of your Company and type of business We can start at any time. You are more than welcome to contact us. Send us [&hellip;]","og_url":"https:\/\/ipsofinanse.pl\/ksiegowosc-kadry-i-place\/","og_site_name":"Ipso Finanse","article_modified_time":"2020-02-27T12:29:04+00:00","twitter_card":"summary_large_image","twitter_misc":{"Est. reading time":"8 minutes"},"schema":{"@context":"https:\/\/schema.org","@graph":[{"@type":"WebPage","@id":"https:\/\/ipsofinanse.pl\/ksiegowosc-kadry-i-place\/","url":"https:\/\/ipsofinanse.pl\/ksiegowosc-kadry-i-place\/","name":"Accounting, HR and payroll - Ipso Finanse","isPartOf":{"@id":"https:\/\/ipsofinanse.pl\/#website"},"datePublished":"2020-02-27T12:17:03+00:00","dateModified":"2020-02-27T12:29:04+00:00","breadcrumb":{"@id":"https:\/\/ipsofinanse.pl\/ksiegowosc-kadry-i-place\/#breadcrumb"},"inLanguage":"en-US","potentialAction":[{"@type":"ReadAction","target":["https:\/\/ipsofinanse.pl\/ksiegowosc-kadry-i-place\/"]}]},{"@type":"BreadcrumbList","@id":"https:\/\/ipsofinanse.pl\/ksiegowosc-kadry-i-place\/#breadcrumb","itemListElement":[{"@type":"ListItem","position":1,"name":"Strona g\u0142\u00f3wna","item":"https:\/\/ipsofinanse.pl\/en\/"},{"@type":"ListItem","position":2,"name":"Accounting, HR and payroll"}]},{"@type":"WebSite","@id":"https:\/\/ipsofinanse.pl\/#website","url":"https:\/\/ipsofinanse.pl\/","name":"Ipso Finanse","description":"obs\u0142uga ksi\u0119gowa Warszawa","potentialAction":[{"@type":"SearchAction","target":{"@type":"EntryPoint","urlTemplate":"https:\/\/ipsofinanse.pl\/?s={search_term_string}"},"query-input":"required name=search_term_string"}],"inLanguage":"en-US"}]}},"_links":{"self":[{"href":"https:\/\/ipsofinanse.pl\/en\/wp-json\/wp\/v2\/pages\/1780","targetHints":{"allow":["GET"]}}],"collection":[{"href":"https:\/\/ipsofinanse.pl\/en\/wp-json\/wp\/v2\/pages"}],"about":[{"href":"https:\/\/ipsofinanse.pl\/en\/wp-json\/wp\/v2\/types\/page"}],"author":[{"embeddable":true,"href":"https:\/\/ipsofinanse.pl\/en\/wp-json\/wp\/v2\/users\/3"}],"replies":[{"embeddable":true,"href":"https:\/\/ipsofinanse.pl\/en\/wp-json\/wp\/v2\/comments?post=1780"}],"version-history":[{"count":3,"href":"https:\/\/ipsofinanse.pl\/en\/wp-json\/wp\/v2\/pages\/1780\/revisions"}],"predecessor-version":[{"id":1788,"href":"https:\/\/ipsofinanse.pl\/en\/wp-json\/wp\/v2\/pages\/1780\/revisions\/1788"}],"wp:attachment":[{"href":"https:\/\/ipsofinanse.pl\/en\/wp-json\/wp\/v2\/media?parent=1780"}],"curies":[{"name":"wp","href":"https:\/\/api.w.org\/{rel}","templated":true}]}}